{"id":28,"date":"2021-10-03T17:55:20","date_gmt":"2021-10-03T15:55:20","guid":{"rendered":"https:\/\/www.w-a-t.group\/?page_id=28"},"modified":"2025-01-13T01:39:41","modified_gmt":"2025-01-13T00:39:41","slug":"aviso-legal-y-copyright","status":"publish","type":"page","link":"https:\/\/www.w-a-t.group\/es\/aviso-legal-y-copyright\/","title":{"rendered":"Aviso Legal y Copyright"},"content":{"rendered":"\n<p>La utilizaci\u00f3n de este sitio atribuye la condici\u00f3n de Usuario e implica la aceptaci\u00f3n plena y sin reservas de todas y cada una de las disposiciones incluidas en este Aviso Legal, por lo que si \u00e9ste no est\u00e1 de acuerdo con cualquiera de las condiciones aqu\u00ed establecidas, no deber\u00e1 usar\/acceder a este sitio.<\/p>\n\n\n\n<h2 class=\"wp-block-heading\">Informaci\u00f3n General<\/h2>\n\n\n\n<p>We Are Technology, en adelante W&#x2011;A&#x2011T, es una agrupaci\u00f3n multinacional de Sociedades que  comparten socios\/accionistas y act\u00faan de forma coordinada y como un \u00fanico equipo de cara a prestar servicios a sus clientes. V\u00e9ase la web de cada una de las  compa\u00f1\u00edas para consultar la informaci\u00f3n legal y fiscal correspondiente.Por defecto, W&#x2011;A&#x2011T EU Operations O\u00fc act\u00faa como representante y punto de contacto en la UE.<\/p>\n\n\n\n<h2 class=\"wp-block-heading\">Propiedad Intelectual e Industrial<\/h2>\n\n\n\n<p>Todos los contenidos de la presente p\u00e1gina web, incluyendo sin car\u00e1cter limitativo, textos, gr\u00e1ficos, im\u00e1genes, su dise\u00f1o y los derechos de propiedad intelectual que pudieran corresponder a dichos contenidos, as\u00ed como todas las marcas, nombres comerciales o cualquier otro signo distintivo son titularidad o posee su licencia de uso W&#x2011;A&#x2011T, quedando reservados todos los derechos sobre los mismos.<\/p>\n\n\n\n<p>Queda prohibido cualquier acto de reproducci\u00f3n de los contenidos, en todo o en parte, en cualquier forma o medio, sea mec\u00e1nico, electr\u00f3nico, reprogr\u00e1fico u otro, as\u00ed como cualquier acto de difusi\u00f3n, comunicaci\u00f3n p\u00fablica o distribuci\u00f3n, sin la previa autorizaci\u00f3n por escrito de W&#x2011;A&#x2011T o de sus leg\u00edtimos propietarios.<\/p>\n\n\n\n<p>W&#x2011;A&#x2011T no ser\u00e1 responsable de los da\u00f1os o perjuicios que pudieran derivarse de la utilizaci\u00f3n de los contenidos por parte de los usuarios o de la infracci\u00f3n por parte de \u00e9stos de cualquier disposici\u00f3n legal vigente.<\/p>\n\n\n\n<h3 class=\"wp-block-heading\">Enlaces<\/h3>\n\n\n\n<p>W&#x2011;A&#x2011T no asume ninguna responsabilidad sobre los enlaces externos que, en su caso, pudieran incluirse en el sitio, ya que no tiene ning\u00fan tipo de control sobre los mismos, por lo que el usuario accede bajo su exclusiva responsabilidad al contenido y en las condiciones de uso que rijan en los mismos.<\/p>\n\n\n\n<h3 class=\"wp-block-heading\">Contenidos<\/h3>\n\n\n\n<p>W&#x2011;A&#x2011T se reserva el derecho de efectuar sin previo aviso las modificaciones que considere oportunas en el sitio web, pudiendo cambiar, suprimir o a\u00f1adir tanto los contenidos y servicios que presta como la forma en la que \u00e9stos aparezcan presentados o localizados.<\/p>\n\n\n\n<p>El Usuario del sitio se compromete a hacer un uso adecuado de los servicios que W&#x2011;A&#x2011T ofrece y a no emplearlos para incurrir en actividades il\u00edcitas o contrarias a la buena fe y al ordenamiento legal, y a no provocar da\u00f1os en los sistemas f\u00edsicos y l\u00f3gicos de W&#x2011;A&#x2011T de sus proveedores o de terceras personas.<\/p>\n\n\n\n<p>W&#x2011;A&#x2011T tiene la obligaci\u00f3n de facilitar a los \u00f3rganos competentes en raz\u00f3n de la materia, toda la informaci\u00f3n y colaboraci\u00f3n precisas para el ejercicio de sus funciones.<\/p>\n","protected":false},"excerpt":{"rendered":"<p>La utilizaci\u00f3n de este sitio atribuye la condici\u00f3n de Usuario e implica la aceptaci\u00f3n plena y sin reservas de todas y cada una de las disposiciones incluidas en este Aviso Legal, por lo que si \u00e9ste no est\u00e1 de acuerdo con cualquiera de las condiciones aqu\u00ed establecidas, no deber\u00e1 usar\/acceder a este sitio. Informaci\u00f3n General [&hellip;]<\/p>\n","protected":false},"author":3,"featured_media":0,"parent":0,"menu_order":91,"comment_status":"closed","ping_status":"closed","template":"","meta":{"footnotes":""},"class_list":["post-28","page","type-page","status-publish","hentry","entry"],"_links":{"self":[{"href":"https:\/\/www.w-a-t.group\/es\/wp-json\/wp\/v2\/pages\/28","targetHints":{"allow":["GET"]}}],"collection":[{"href":"https:\/\/www.w-a-t.group\/es\/wp-json\/wp\/v2\/pages"}],"about":[{"href":"https:\/\/www.w-a-t.group\/es\/wp-json\/wp\/v2\/types\/page"}],"author":[{"embeddable":true,"href":"https:\/\/www.w-a-t.group\/es\/wp-json\/wp\/v2\/users\/3"}],"replies":[{"embeddable":true,"href":"https:\/\/www.w-a-t.group\/es\/wp-json\/wp\/v2\/comments?post=28"}],"version-history":[{"count":2,"href":"https:\/\/www.w-a-t.group\/es\/wp-json\/wp\/v2\/pages\/28\/revisions"}],"predecessor-version":[{"id":157,"href":"https:\/\/www.w-a-t.group\/es\/wp-json\/wp\/v2\/pages\/28\/revisions\/157"}],"wp:attachment":[{"href":"https:\/\/www.w-a-t.group\/es\/wp-json\/wp\/v2\/media?parent=28"}],"curies":[{"name":"wp","href":"https:\/\/api.w.org\/{rel}","templated":true}]}}