{"id":26,"date":"2021-10-03T17:35:31","date_gmt":"2021-10-03T15:35:31","guid":{"rendered":"https:\/\/www.w-a-t.group\/?page_id=26"},"modified":"2025-01-13T01:39:41","modified_gmt":"2025-01-13T00:39:41","slug":"politica-de-privacidad","status":"publish","type":"page","link":"https:\/\/www.w-a-t.group\/es\/politica-de-privacidad\/","title":{"rendered":"Pol\u00edtica de Privacidad"},"content":{"rendered":"\n<p>De conformidad con lo dispuesto en la Ley Org\u00e1nica 3\/2018, de 5 de diciembre, de Protecci\u00f3n de Datos Personales y Garant\u00eda de los Derechos Digitales, en transposici\u00f3n y aplicaci\u00f3n de la normativa Reglamento (UE) 2016\/679 del Parlamento Europeo y del Consejo de 27 de abril de 2016, en vigor desde el 25 de Mayo de 2018, les informamos de que el responsable del tratamiento de los datos personales que nos suministre a trav\u00e9s de nuestras p\u00e1ginas web, telef\u00f3nicamente, o por correo electr\u00f3nico es W-A-T Group, &lt;rgpd(@)w-a-t.group>.<\/p>\n\n\n\n<p>El usuario garantiza que los datos personales facilitados son veraces, siendo responsable de comunicar cualquier modificaci\u00f3n en los mismos si fuera necesario. En el caso de que el usuario vaya a proporcionar datos de car\u00e1cter personal de terceros deber\u00e1 informar previamente al afectado de lo establecido en la presente pol\u00edtica de privacidad. El usuario ser\u00e1 el \u00fanico responsable de cualquier da\u00f1o o perjuicio, directo o indirecto, que pudiera ocasionar a cualquier empresa de W-A-T o a cualquier tercero, a causa de proporcionar datos falsos, inexactos, incompletos, no actualizados o sobre los que no tiene autorizaci\u00f3n.<\/p>\n\n\n\n<p>La finalidad y caracter\u00edsticas del tratamiento ser\u00e1n acorde a la situaci\u00f3n bajo la que se han proporcionado los datos personales, y tendr\u00e1n las particularidades que se detallan en los siguientes casos:<\/p>\n\n\n\n<ul class=\"wp-block-list\">\n<li>En el caso que haya proporcionado sus datos de contacto para solicitar informaci\u00f3n o realizar una petici\u00f3n, sus datos personales ser\u00e1n utilizados exclusivamente para atender su solicitud, incluido el env\u00edo de propuestas de servicios si as\u00ed lo ha solicitado y su posterior seguimiento comercial. Los datos no ser\u00e1n proporcionados a terceros salvo que sea necesario para atender la solicitud, petici\u00f3n por su parte o justificaci\u00f3n legal, y una vez utilizados podr\u00e1n ser conservados durante el plazo general establecido para la prescripci\u00f3n de las acciones personales en la legislaci\u00f3n civil.<\/li>\n\n\n\n<li>En el caso que haya realizado una contrataci\u00f3n de servicios ser\u00e1n de aplicaci\u00f3n las condiciones contractuales que hayan sido aceptadas por su parte en el proceso de contrataci\u00f3n, y que son espec\u00edficas sobre el tratamiento de datos para la gesti\u00f3n y prestaci\u00f3n de los servicios.<\/li>\n\n\n\n<li>Mientras persista la relaci\u00f3n comercial en virtud de la cu\u00e1l facilit\u00f3 usted datos de contacto (por ejemplo, la empresa con la que est\u00e9 asociado sea cliente), ocasionalmente recibir\u00e1 comunicaciones comerciales por medios electr\u00f3nicos, hasta que manifieste su deseo de no seguir recibi\u00e9ndolas mediante el mecanismo correspondiente. Tras la confirmaci\u00f3n de su deseo de no seguir recibiendo comunicaciones comerciales su direcci\u00f3n de correo electr\u00f3nico ser\u00e1 eliminada de la lista de distribuci\u00f3n en un plazo m\u00e1ximo de 1 mes.<\/li>\n<\/ul>\n\n\n\n<p>En todo caso, los datos se conservar\u00e1n \u00fanicamente mientras perdure la relaci\u00f3n comercial, lo que resulte imprescindible para la prestaci\u00f3n de servicios (incluida la respuesta a consultas), sea preciso por razones de calidad de servicio o mientras as\u00ed lo exija la legislaci\u00f3n vigente. La PII se &#8220;bloquear\u00e1&#8221; o mover\u00e1 a una ubicaci\u00f3n con acceso muy restringido en cuanto sea posible, sujeto a limitaciones t\u00e9cnicas.<\/p>\n\n\n\n<p>Puede ejercitar sus derechos de acceso, rectificaci\u00f3n, supresi\u00f3n, oposici\u00f3n, limitaci\u00f3n del tratamiento y, cuando proceda, portabilidad, mediante el env\u00edo. de una solicitud por escrito al correo electr\u00f3nico arriba referenciado, indicando el derecho que desea ejercitar y aportando una copia por las dos caras de su DNI o documento legal de identificaci\u00f3n.<\/p>\n\n\n\n<p>Adicionalmente, le informamos que la legislaci\u00f3n vigente contempla tambi\u00e9n su derecho de presentar una reclamaci\u00f3n ante una autoridad de control.<\/p>\n\n\n\n<p>. <\/p>\n","protected":false},"excerpt":{"rendered":"<p>De conformidad con lo dispuesto en la Ley Org\u00e1nica 3\/2018, de 5 de diciembre, de Protecci\u00f3n de Datos Personales y Garant\u00eda de los Derechos Digitales, en transposici\u00f3n y aplicaci\u00f3n de la normativa Reglamento (UE) 2016\/679 del Parlamento Europeo y del Consejo de 27 de abril de 2016, en vigor desde el 25 de Mayo de [&hellip;]<\/p>\n","protected":false},"author":3,"featured_media":0,"parent":0,"menu_order":99,"comment_status":"closed","ping_status":"closed","template":"","meta":{"footnotes":""},"class_list":["post-26","page","type-page","status-publish","hentry","entry"],"_links":{"self":[{"href":"https:\/\/www.w-a-t.group\/es\/wp-json\/wp\/v2\/pages\/26","targetHints":{"allow":["GET"]}}],"collection":[{"href":"https:\/\/www.w-a-t.group\/es\/wp-json\/wp\/v2\/pages"}],"about":[{"href":"https:\/\/www.w-a-t.group\/es\/wp-json\/wp\/v2\/types\/page"}],"author":[{"embeddable":true,"href":"https:\/\/www.w-a-t.group\/es\/wp-json\/wp\/v2\/users\/3"}],"replies":[{"embeddable":true,"href":"https:\/\/www.w-a-t.group\/es\/wp-json\/wp\/v2\/comments?post=26"}],"version-history":[{"count":2,"href":"https:\/\/www.w-a-t.group\/es\/wp-json\/wp\/v2\/pages\/26\/revisions"}],"predecessor-version":[{"id":131,"href":"https:\/\/www.w-a-t.group\/es\/wp-json\/wp\/v2\/pages\/26\/revisions\/131"}],"wp:attachment":[{"href":"https:\/\/www.w-a-t.group\/es\/wp-json\/wp\/v2\/media?parent=26"}],"curies":[{"name":"wp","href":"https:\/\/api.w.org\/{rel}","templated":true}]}}