{"id":18,"date":"2021-09-12T02:41:09","date_gmt":"2021-09-12T00:41:09","guid":{"rendered":"https:\/\/www.w-a-t.group\/?page_id=18"},"modified":"2025-01-13T01:39:41","modified_gmt":"2025-01-13T00:39:41","slug":"identidad","status":"publish","type":"page","link":"https:\/\/www.w-a-t.group\/es\/orig-we-are-technology\/identidad\/","title":{"rendered":"Identidad"},"content":{"rendered":"\n<p>We Are Technology group (W&#x2011;A&#x2011T&nbsp;group) es un organizaci\u00f3n multinacional formada por empresas que mayoritariamente comparten accionistas y funcionan como Unidades de Negocio independientes dentro de una organizaci\u00f3n \u00e1gil y din\u00e1mica,  adaptada al mundo cambiante en que vivimos.<\/p>\n\n\n\n<p>A continuaci\u00f3n, la lista de entidades que ofrecen servicios a nuestros Clientes y Socios:<\/p>\n\n\n\n<ul class=\"wp-block-list\">\n<li>EE 16850841 W-A-T EU Operations O\u00fc<\/li>\n\n\n\n<li>ES B-85\/375707 &#8211; TallonCorp Spain, S.L.<\/li>\n\n\n\n<li>ES B-87\/107884 &#8211; DOBLENET Soluciones Tecnol\u00f3gicas, S.L.<\/li>\n\n\n\n<li>ES B-87\/451126 &#8211; QUADRICS Sistemas, S.L.<\/li>\n\n\n\n<li>ES B-87\/966701 &#8211; ARMADOR Technologies, S.L.<\/li>\n\n\n\n<li>ES B-16\/730442 &#8211; BESKAR FORGE, S.L.<\/li>\n\n\n\n<li>ES B-16\/724080 &#8211; Escission, S.L.<\/li>\n<\/ul>\n\n\n\n<p>Y una serie de entidades internas:<\/p>\n\n\n\n<ul class=\"wp-block-list\">\n<li>W-A-T DC&amp;Telco Services, A.I.E.<\/li>\n\n\n\n<li><\/li>\n<\/ul>\n\n\n\n<p><\/p>\n","protected":false},"excerpt":{"rendered":"<p>We Are Technology group (W&#x2011;A&#038;#x2011T&nbsp;group) es un organizaci\u00f3n multinacional formada por empresas que mayoritariamente comparten accionistas y funcionan como Unidades de Negocio independientes dentro de una organizaci\u00f3n \u00e1gil y din\u00e1mica, adaptada al mundo cambiante en que vivimos. A continuaci\u00f3n, la lista de entidades que ofrecen servicios a nuestros Clientes y Socios: Y una serie de [&hellip;]<\/p>\n","protected":false},"author":3,"featured_media":0,"parent":9,"menu_order":1,"comment_status":"closed","ping_status":"closed","template":"","meta":{"footnotes":""},"class_list":["post-18","page","type-page","status-publish","hentry","entry"],"_links":{"self":[{"href":"https:\/\/www.w-a-t.group\/es\/wp-json\/wp\/v2\/pages\/18","targetHints":{"allow":["GET"]}}],"collection":[{"href":"https:\/\/www.w-a-t.group\/es\/wp-json\/wp\/v2\/pages"}],"about":[{"href":"https:\/\/www.w-a-t.group\/es\/wp-json\/wp\/v2\/types\/page"}],"author":[{"embeddable":true,"href":"https:\/\/www.w-a-t.group\/es\/wp-json\/wp\/v2\/users\/3"}],"replies":[{"embeddable":true,"href":"https:\/\/www.w-a-t.group\/es\/wp-json\/wp\/v2\/comments?post=18"}],"version-history":[{"count":2,"href":"https:\/\/www.w-a-t.group\/es\/wp-json\/wp\/v2\/pages\/18\/revisions"}],"predecessor-version":[{"id":163,"href":"https:\/\/www.w-a-t.group\/es\/wp-json\/wp\/v2\/pages\/18\/revisions\/163"}],"up":[{"embeddable":true,"href":"https:\/\/www.w-a-t.group\/es\/wp-json\/wp\/v2\/pages\/9"}],"wp:attachment":[{"href":"https:\/\/www.w-a-t.group\/es\/wp-json\/wp\/v2\/media?parent=18"}],"curies":[{"name":"wp","href":"https:\/\/api.w.org\/{rel}","templated":true}]}}