{"id":172,"date":"2025-01-02T08:56:00","date_gmt":"2025-01-02T07:56:00","guid":{"rendered":"https:\/\/www.w-a-t.group\/?page_id=172"},"modified":"2025-01-13T01:39:41","modified_gmt":"2025-01-13T00:39:41","slug":"nuestra-cultura","status":"publish","type":"page","link":"https:\/\/www.w-a-t.group\/es\/orig-personas\/nuestra-cultura\/","title":{"rendered":"Nuestra Cultura"},"content":{"rendered":"\n<p>Somos un \u00fanico equipo, compuesto por las personas que forman parte de cada una de las unidades de negocio. Procuramos aprender de los mejores, adapt\u00e1ndolo a lo que somos.<\/p>\n\n\n\n<h2 class=\"wp-block-heading\">Un \u00fanico equipo<\/h2>\n\n\n\n<ul class=\"wp-block-list\">\n<li>Formamos equipos en torno a <strong>proyectos<\/strong>, en base a las capacidades que se necesiten en cada momento<\/li>\n\n\n\n<li><strong>No hay &#8220;pol\u00edtica&#8221; ni jerarqu\u00eda:<\/strong> Nos tratamos con franqueza, imparcialidad y respeto<\/li>\n\n\n\n<li>Si ves que algo se puede mejorar, dilo<\/li>\n\n\n\n<li><strong>Nadie fracasa solo<\/strong> &#8212; inspirado en el &#8220;NOLA&#8221; de NVIDIA<\/li>\n\n\n\n<li><strong>Nos ayudamos entre todos<\/strong> para alcanzar objetivos comunies. Si necesitas ayuda, tus compa\u00f1eros est\u00e1n ah\u00ed para ayudarte&#8230; empezando por los managers<\/li>\n\n\n\n<li><strong>Solidaridad y compa\u00f1erismo<\/strong> por encima de todo<\/li>\n<\/ul>\n\n\n\n<h2 class=\"wp-block-heading\">Innovadores por Sistema<\/h2>\n\n\n\n<ul class=\"wp-block-list\">\n<li>Buscamos soluciones a los problemas tecnol\u00f3gicos\n<ul class=\"wp-block-list\">\n<li>Encontramos nuevas soluciones para problemas existentes<\/li>\n\n\n\n<li>Creamos soluciones para los desaf\u00edos que vienen<\/li>\n<\/ul>\n<\/li>\n\n\n\n<li>Apasionados por nuestro trabajo, y resolver los desaf\u00edos de cada d\u00eda<\/li>\n\n\n\n<li>Aprovechar al m\u00e1ximo el potencial de cada uno<\/li>\n\n\n\n<li>\u00c1giles y sin miedo a equivocarnos<\/li>\n<\/ul>\n\n\n\n<h2 class=\"wp-block-heading\">Principios Fundamentales<\/h2>\n\n\n\n<ul class=\"wp-block-list\">\n<li><strong>Todos nos equivocamos<\/strong>. &#8220;Lo que importa es lo que haces despu\u00e9s&#8221;<\/li>\n\n\n\n<li>Procuramos<strong> ser excepcionales en nuestro trabajo<\/strong>\n<ul class=\"wp-block-list\">\n<li>Disponibles para hacer el trabajo<\/li>\n\n\n\n<li>Comprometidos con el resultado<\/li>\n\n\n\n<li>Trabajar duro para alcanzar los objetivos<\/li>\n<\/ul>\n<\/li>\n\n\n\n<li>Nos <strong>responsabilizamos de la calidad<\/strong> de nuestro trabajo<\/li>\n\n\n\n<li><strong>Hacer el trabajo y conseguir resultados<\/strong> es fundamental<\/li>\n\n\n\n<li><strong>Flexibilidad y generosidad<\/strong> para con las necesidades personales de cada uno. Si es lo apropiado para los nuestros, buscamos la forma de hacerlo<\/li>\n\n\n\n<li>Estamos entre adultos: los problemas se resuelven, con voluntad por parte de todos los implicados<\/li>\n<\/ul>\n\n\n\n<p><\/p>\n","protected":false},"excerpt":{"rendered":"<p>Somos un \u00fanico equipo, compuesto por las personas que forman parte de cada una de las unidades de negocio. Procuramos aprender de los mejores, adapt\u00e1ndolo a lo que somos. Un \u00fanico equipo Innovadores por Sistema Principios Fundamentales<\/p>\n","protected":false},"author":3,"featured_media":0,"parent":164,"menu_order":1,"comment_status":"closed","ping_status":"closed","template":"","meta":{"footnotes":""},"class_list":["post-172","page","type-page","status-publish","hentry","entry"],"_links":{"self":[{"href":"https:\/\/www.w-a-t.group\/es\/wp-json\/wp\/v2\/pages\/172","targetHints":{"allow":["GET"]}}],"collection":[{"href":"https:\/\/www.w-a-t.group\/es\/wp-json\/wp\/v2\/pages"}],"about":[{"href":"https:\/\/www.w-a-t.group\/es\/wp-json\/wp\/v2\/types\/page"}],"author":[{"embeddable":true,"href":"https:\/\/www.w-a-t.group\/es\/wp-json\/wp\/v2\/users\/3"}],"replies":[{"embeddable":true,"href":"https:\/\/www.w-a-t.group\/es\/wp-json\/wp\/v2\/comments?post=172"}],"version-history":[{"count":1,"href":"https:\/\/www.w-a-t.group\/es\/wp-json\/wp\/v2\/pages\/172\/revisions"}],"predecessor-version":[{"id":173,"href":"https:\/\/www.w-a-t.group\/es\/wp-json\/wp\/v2\/pages\/172\/revisions\/173"}],"up":[{"embeddable":true,"href":"https:\/\/www.w-a-t.group\/es\/wp-json\/wp\/v2\/pages\/164"}],"wp:attachment":[{"href":"https:\/\/www.w-a-t.group\/es\/wp-json\/wp\/v2\/media?parent=172"}],"curies":[{"name":"wp","href":"https:\/\/api.w.org\/{rel}","templated":true}]}}