{"id":164,"date":"2025-01-02T09:00:00","date_gmt":"2025-01-02T08:00:00","guid":{"rendered":"https:\/\/www.w-a-t.group\/?page_id=164"},"modified":"2025-03-15T12:30:09","modified_gmt":"2025-03-15T11:30:09","slug":"orig-personas","status":"publish","type":"page","link":"https:\/\/www.w-a-t.group\/es\/orig-personas\/","title":{"rendered":"Personas"},"content":{"rendered":"\n<p>Esta secci\u00f3n contiene informaci\u00f3n relevante para todos los que formamos W-A-T.<\/p>\n\n\n\n<p>Como reflejo de nuestra pol\u00edtica corporativa de transparencia e igualdad, los documentos que rigen c\u00f3mo actuamos est\u00e1n publicados en nuestra web, a la vista de Clientes, Proveedores u otros interesados.<\/p>\n\n\n\n<p><\/p>\n","protected":false},"excerpt":{"rendered":"<p>Esta secci\u00f3n contiene informaci\u00f3n relevante para todos los que formamos W-A-T. Como reflejo de nuestra pol\u00edtica corporativa de transparencia e igualdad, los documentos que rigen c\u00f3mo actuamos est\u00e1n publicados en nuestra web, a la vista de Clientes, Proveedores u otros interesados.<\/p>\n","protected":false},"author":3,"featured_media":0,"parent":0,"menu_order":2,"comment_status":"closed","ping_status":"closed","template":"","meta":{"footnotes":""},"class_list":["post-164","page","type-page","status-publish","hentry","entry"],"_links":{"self":[{"href":"https:\/\/www.w-a-t.group\/es\/wp-json\/wp\/v2\/pages\/164","targetHints":{"allow":["GET"]}}],"collection":[{"href":"https:\/\/www.w-a-t.group\/es\/wp-json\/wp\/v2\/pages"}],"about":[{"href":"https:\/\/www.w-a-t.group\/es\/wp-json\/wp\/v2\/types\/page"}],"author":[{"embeddable":true,"href":"https:\/\/www.w-a-t.group\/es\/wp-json\/wp\/v2\/users\/3"}],"replies":[{"embeddable":true,"href":"https:\/\/www.w-a-t.group\/es\/wp-json\/wp\/v2\/comments?post=164"}],"version-history":[{"count":1,"href":"https:\/\/www.w-a-t.group\/es\/wp-json\/wp\/v2\/pages\/164\/revisions"}],"predecessor-version":[{"id":165,"href":"https:\/\/www.w-a-t.group\/es\/wp-json\/wp\/v2\/pages\/164\/revisions\/165"}],"wp:attachment":[{"href":"https:\/\/www.w-a-t.group\/es\/wp-json\/wp\/v2\/media?parent=164"}],"curies":[{"name":"wp","href":"https:\/\/api.w.org\/{rel}","templated":true}]}}