{"id":119,"date":"2022-01-14T09:47:00","date_gmt":"2022-01-14T08:47:00","guid":{"rendered":"https:\/\/www.w-a-t.group\/?page_id=119"},"modified":"2025-01-13T01:39:41","modified_gmt":"2025-01-13T00:39:41","slug":"mision-vision-valores","status":"publish","type":"page","link":"https:\/\/www.w-a-t.group\/es\/orig-we-are-technology\/mision-vision-valores\/","title":{"rendered":"Misi\u00f3n, Visi\u00f3n y Valores"},"content":{"rendered":"\n<p>En W&#x2011;A&#x2011T somos innovadores natos, comprometidos con el Cliente y sus necesidades (tambi\u00e9n a medio plazo), y con un enfoque hol\u00edstico en todo lo que hacemos.<\/p>\n\n\n\n<h3 class=\"wp-block-heading\">Misi\u00f3n<\/h3>\n\n\n\n<p>Detectar <strong>necesidades<\/strong>, Dise\u00f1ar <strong>arquitecturas<\/strong> adecuadas y seguras, Implementar <strong>Soluciones<\/strong> hol\u00edsticas para resolver problemas de forma duradera (implica alta calidad).<\/p>\n\n\n\n<h3 class=\"wp-block-heading\">Visi\u00f3n<\/h3>\n\n\n\n<p>Un mundo interconectado, pleno de servicios que colaboran de forma fluida y con total seguridad, respetando la privacidad de las personas y empleando tecnolog\u00edas avanzadas para simplificar la vida de todos.<\/p>\n\n\n\n<h3 class=\"wp-block-heading\">Valores<\/h3>\n\n\n\n<ul class=\"wp-block-list\">\n<li><strong>Innovadores<\/strong>, en todo lo que hacemos<\/li>\n\n\n\n<li><strong>Valientes<\/strong>, para enfrentarnos a retos nuevos y complejos cada d\u00eda<\/li>\n\n\n\n<li><strong>Honestos<\/strong>, para transmitir la realidad sobre la problem\u00e1tica que abordamos<\/li>\n\n\n\n<li><strong>Ingenuos<\/strong>, para no descartar ning\u00fan acercamiento<\/li>\n\n\n\n<li><strong>Comprometidos<\/strong>, para construir la mejor Soluci\u00f3n para el Cliente<\/li>\n<\/ul>\n","protected":false},"excerpt":{"rendered":"<p>En W&#x2011;A&#038;#x2011T somos innovadores natos, comprometidos con el Cliente y sus necesidades (tambi\u00e9n a medio plazo), y con un enfoque hol\u00edstico en todo lo que hacemos. Misi\u00f3n Detectar necesidades, Dise\u00f1ar arquitecturas adecuadas y seguras, Implementar Soluciones hol\u00edsticas para resolver problemas de forma duradera (implica alta calidad). Visi\u00f3n Un mundo interconectado, pleno de servicios que colaboran [&hellip;]<\/p>\n","protected":false},"author":3,"featured_media":0,"parent":9,"menu_order":2,"comment_status":"closed","ping_status":"closed","template":"","meta":{"footnotes":""},"class_list":["post-119","page","type-page","status-publish","hentry","entry"],"_links":{"self":[{"href":"https:\/\/www.w-a-t.group\/es\/wp-json\/wp\/v2\/pages\/119","targetHints":{"allow":["GET"]}}],"collection":[{"href":"https:\/\/www.w-a-t.group\/es\/wp-json\/wp\/v2\/pages"}],"about":[{"href":"https:\/\/www.w-a-t.group\/es\/wp-json\/wp\/v2\/types\/page"}],"author":[{"embeddable":true,"href":"https:\/\/www.w-a-t.group\/es\/wp-json\/wp\/v2\/users\/3"}],"replies":[{"embeddable":true,"href":"https:\/\/www.w-a-t.group\/es\/wp-json\/wp\/v2\/comments?post=119"}],"version-history":[{"count":3,"href":"https:\/\/www.w-a-t.group\/es\/wp-json\/wp\/v2\/pages\/119\/revisions"}],"predecessor-version":[{"id":142,"href":"https:\/\/www.w-a-t.group\/es\/wp-json\/wp\/v2\/pages\/119\/revisions\/142"}],"up":[{"embeddable":true,"href":"https:\/\/www.w-a-t.group\/es\/wp-json\/wp\/v2\/pages\/9"}],"wp:attachment":[{"href":"https:\/\/www.w-a-t.group\/es\/wp-json\/wp\/v2\/media?parent=119"}],"curies":[{"name":"wp","href":"https:\/\/api.w.org\/{rel}","templated":true}]}}